{"id":1455,"date":"2025-04-15T18:26:40","date_gmt":"2025-04-15T16:26:40","guid":{"rendered":"https:\/\/exist.de\/?page_id=1455"},"modified":"2026-02-25T10:53:43","modified_gmt":"2026-02-25T09:53:43","slug":"events","status":"publish","type":"page","link":"https:\/\/exist.de\/en\/events\/","title":{"rendered":"Events"},"content":{"rendered":"\n<div class=\"wp-block-group alignfull has-palette-color-7-background-color has-background is-layout-constrained wp-container-core-group-is-layout-ed267a65 wp-block-group-is-layout-constrained\" style=\"margin-top:0;margin-bottom:0;padding-top:var(--wp--preset--spacing--50);padding-bottom:var(--wp--preset--spacing--50)\"><\/div>\n\n\n\n<div class=\"wp-block-group alignfull has-palette-color-8-color has-palette-color-3-background-color has-text-color has-background wp-elements-8d9a2a06d3b99585131136d4b0e20413 is-layout-constrained wp-container-core-group-is-layout-56724740 wp-block-group-is-layout-constrained\" style=\"padding-top:var(--wp--preset--spacing--80);padding-bottom:var(--wp--preset--spacing--80)\">\n<div class=\"wp-block-group is-layout-constrained wp-block-group-is-layout-constrained\">\n<h1 class=\"wp-block-heading has-palette-color-8-color has-text-color has-link-color wp-elements-3ad6947a11690f33f41b55bc152e6cbc\">Events<\/h1>\n<\/div>\n<\/div>\n\n\n\n<p>exist ist jedes Jahr auf einer Vielzahl von Veranstaltungen vertreten, ob als Gast, Kooperations- oder Netzwerkpartner. Wo exist wann anzutreffen ist, wird stets aktuell auf unserem <a href=\"https:\/\/de.linkedin.com\/company\/bmwk-exist\">LinkedIn<\/a> Kanal&nbsp;kommuniziert. An dieser Stelle gibt es einen \u00dcberblick \u00fcber Veranstaltungen, die sich explizit an unsere gef\u00f6rderten Gr\u00fcndenden bzw. das exist-Hochschulnetzwerk richten.<\/p>\n\n\n\n<p><a href=\"https:\/\/exist.de\/bits-and-pretzels-2025\/\" data-type=\"page\" data-id=\"1723\">Mehr erfahren zur Bits &amp; Pretzels 2025<\/a><\/p>\n\n\n\n<p><a href=\"https:\/\/exist.de\/stage-two-2025\/\" data-type=\"page\" data-id=\"2032\">Mehr erfahren zur Stage Two 2025<\/a><\/p>\n\n\n\n<div data-id=\"3df06caa\" class=\"wp-block-blocksy-query\"><div class=\"ct-query-template-grid\"><article class=\"wp-block-post is-layout-flow post-2298 event type-event status-publish has-post-thumbnail hentry\">\n\n<div class=\"wp-block-group overflow-hidden is-layout-grid wp-container-core-group-is-layout-eecfc9ee wp-block-group-is-layout-grid\" style=\"border-radius:0.25rem;min-height:100%\"><figure style=\"margin-bottom:0;\" class=\"ct-dynamic-media wp-elements-d1d858835bbc4163cefe2939428a1f3e\" aria-label=\"exist Workshop Rostock\"><img loading=\"lazy\" decoding=\"async\" width=\"1535\" height=\"1063\" src=\"https:\/\/exist.de\/wp-content\/uploads\/2025\/12\/Hauptgebaeude__6_.jpg\" class=\"attachment-full size-full\" alt=\"\" style=\"width:100%;height:100%;object-fit: cover;\" srcset=\"https:\/\/exist.de\/wp-content\/uploads\/2025\/12\/Hauptgebaeude__6_.jpg 1535w, https:\/\/exist.de\/wp-content\/uploads\/2025\/12\/Hauptgebaeude__6_-300x208.jpg 300w, https:\/\/exist.de\/wp-content\/uploads\/2025\/12\/Hauptgebaeude__6_-1024x709.jpg 1024w, https:\/\/exist.de\/wp-content\/uploads\/2025\/12\/Hauptgebaeude__6_-768x532.jpg 768w, https:\/\/exist.de\/wp-content\/uploads\/2025\/12\/Hauptgebaeude__6_-18x12.jpg 18w\" sizes=\"auto, (max-width: 1535px) 100vw, 1535px\" \/><\/figure>\n\n\n<div class=\"wp-block-group has-palette-color-7-background-color has-background is-layout-constrained wp-block-group-is-layout-constrained\">\n<div class=\"wp-block-group is-vertical is-layout-flex wp-container-core-group-is-layout-4b827052 wp-block-group-is-layout-flex\"><h4 class=\"ct-dynamic-data wp-elements-cb173240eedda9e9bbfc2a52e5aee074\">07. &#038; 08. Mai 2026<\/h4>\n\n<h3 class=\"ct-dynamic-data wp-elements-82f930ec212ddc5dce4ff98a79b78be0\">exist Workshop Rostock<\/h3><\/div>\n\n\n\n<div class=\"wp-block-group is-vertical is-layout-flex wp-container-core-group-is-layout-98bb686d wp-block-group-is-layout-flex\">\n<div class=\"wp-block-group is-content-justification-space-between is-nowrap is-layout-flex wp-container-core-group-is-layout-5ab169e9 wp-block-group-is-layout-flex\">\n<div class=\"wp-block-stackable-icon stk-block-icon stk-block stk-q41xr22\" data-block-id=\"q41xr22\"><style>.stk-q41xr22 {margin-bottom:0px !important;}.stk-q41xr22 .stk--svg-wrapper .stk--inner-svg svg:last-child{height:16px !important;width:16px !important;}.stk-q41xr22 .stk--svg-wrapper .stk--inner-svg svg:last-child, .stk-q41xr22 .stk--svg-wrapper .stk--inner-svg svg:last-child :is(g, path, rect, polygon, ellipse){fill:var(--theme-palette-color-3, #181818) !important;}<\/style><span class=\"stk--svg-wrapper\"><div class=\"stk--inner-svg\"><svg style=\"height:0;width:0\"><defs><linearGradient id=\"linear-gradient-q41xr22\" x1=\"0\" x2=\"100%\" y1=\"0\" y2=\"0\"><stop offset=\"0%\" style=\"stop-opacity:1;stop-color:var(--linear-gradient-86809-d-1-color-1)\"><\/stop><stop offset=\"100%\" style=\"stop-opacity:1;stop-color:var(--linear-gradient-86809-d-1-color-2)\"><\/stop><\/linearGradient><\/defs><\/svg><svg xmlns=\"http:\/\/www.w3.org\/2000\/svg\" viewBox=\"0 0 384 512\" aria-hidden=\"true\" width=\"32\" height=\"32\"><path d=\"M215.7 499.2C267 435 384 279.4 384 192C384 86 298 0 192 0S0 86 0 192c0 87.4 117 243 168.3 307.2c12.3 15.3 35.1 15.3 47.4 0zM192 128a64 64 0 1 1 0 128 64 64 0 1 1 0-128z\"\/><\/svg><\/div><\/span><\/div>\n\n\n<h6 class=\"ct-dynamic-data wp-elements-9c71f4d69096d7a31d6525589701c82f\">Aula Universit\u00e4t Rostock, Universit\u00e4tsplatz 1, 18055 Rostock<\/h6><\/div>\n\n\n\n<div class=\"wp-block-group is-content-justification-space-between is-nowrap is-layout-flex wp-container-core-group-is-layout-5ab169e9 wp-block-group-is-layout-flex\">\n<div class=\"wp-block-stackable-icon stk-block-icon stk-block stk-2ga708j\" data-block-id=\"2ga708j\"><style>.stk-2ga708j {margin-bottom:0px !important;}.stk-2ga708j .stk--svg-wrapper .stk--inner-svg svg:last-child{height:16px !important;width:16px !important;}.stk-2ga708j .stk--svg-wrapper .stk--inner-svg svg:last-child, .stk-2ga708j .stk--svg-wrapper .stk--inner-svg svg:last-child :is(g, path, rect, polygon, ellipse){fill:var(--theme-palette-color-3, #181818) !important;}<\/style><span class=\"stk--svg-wrapper\"><div class=\"stk--inner-svg\"><svg style=\"height:0;width:0\"><defs><linearGradient id=\"linear-gradient-2ga708j\" x1=\"0\" x2=\"100%\" y1=\"0\" y2=\"0\"><stop offset=\"0%\" style=\"stop-opacity:1;stop-color:var(--linear-gradient-74-ad-697-color-1)\"><\/stop><stop offset=\"100%\" style=\"stop-opacity:1;stop-color:var(--linear-gradient-74-ad-697-color-2)\"><\/stop><\/linearGradient><\/defs><\/svg><svg xmlns=\"http:\/\/www.w3.org\/2000\/svg\" viewBox=\"0 0 512 512\" aria-hidden=\"true\" width=\"32\" height=\"32\"><path d=\"M256 0a256 256 0 1 1 0 512A256 256 0 1 1 256 0zM232 120V256c0 8 4 15.5 10.7 20l96 64c11 7.4 25.9 4.4 33.3-6.7s4.4-25.9-6.7-33.3L280 243.2V120c0-13.3-10.7-24-24-24s-24 10.7-24 24z\"\/><\/svg><\/div><\/span><\/div>\n\n\n<h6 class=\"ct-dynamic-data wp-elements-4806c001d935656bd93af4e2cfd4312a\">tbc<\/h6><\/div>\n<\/div>\n\n\n\n\n<\/div>\n<\/div>\n\n<\/article><article class=\"wp-block-post is-layout-flow post-2302 event type-event status-publish has-post-thumbnail hentry\">\n\n<div class=\"wp-block-group overflow-hidden is-layout-grid wp-container-core-group-is-layout-eecfc9ee wp-block-group-is-layout-grid\" style=\"border-radius:0.25rem;min-height:100%\"><figure style=\"margin-bottom:0;\" class=\"ct-dynamic-media wp-elements-d1d858835bbc4163cefe2939428a1f3e\" aria-label=\"3. Gr\u00fcnderinnenforum\"><img loading=\"lazy\" decoding=\"async\" width=\"2560\" height=\"1706\" src=\"https:\/\/exist.de\/wp-content\/uploads\/2025\/12\/EXIST_250708_106-scaled.jpg\" class=\"attachment-full size-full\" alt=\"\" style=\"width:100%;height:100%;object-fit: cover;\" srcset=\"https:\/\/exist.de\/wp-content\/uploads\/2025\/12\/EXIST_250708_106-scaled.jpg 2560w, https:\/\/exist.de\/wp-content\/uploads\/2025\/12\/EXIST_250708_106-300x200.jpg 300w, https:\/\/exist.de\/wp-content\/uploads\/2025\/12\/EXIST_250708_106-1024x683.jpg 1024w, https:\/\/exist.de\/wp-content\/uploads\/2025\/12\/EXIST_250708_106-768x512.jpg 768w, https:\/\/exist.de\/wp-content\/uploads\/2025\/12\/EXIST_250708_106-1536x1024.jpg 1536w, https:\/\/exist.de\/wp-content\/uploads\/2025\/12\/EXIST_250708_106-2048x1365.jpg 2048w, https:\/\/exist.de\/wp-content\/uploads\/2025\/12\/EXIST_250708_106-18x12.jpg 18w\" sizes=\"auto, (max-width: 2560px) 100vw, 2560px\" \/><\/figure>\n\n\n<div class=\"wp-block-group has-palette-color-7-background-color has-background is-layout-constrained wp-block-group-is-layout-constrained\">\n<div class=\"wp-block-group is-vertical is-layout-flex wp-container-core-group-is-layout-4b827052 wp-block-group-is-layout-flex\"><h4 class=\"ct-dynamic-data wp-elements-cb173240eedda9e9bbfc2a52e5aee074\">27.05.2026<\/h4>\n\n<h3 class=\"ct-dynamic-data wp-elements-82f930ec212ddc5dce4ff98a79b78be0\">3. Gr\u00fcnderinnenforum<\/h3><\/div>\n\n\n\n<div class=\"wp-block-group is-vertical is-layout-flex wp-container-core-group-is-layout-98bb686d wp-block-group-is-layout-flex\">\n<div class=\"wp-block-group is-content-justification-space-between is-nowrap is-layout-flex wp-container-core-group-is-layout-5ab169e9 wp-block-group-is-layout-flex\">\n<div class=\"wp-block-stackable-icon stk-block-icon stk-block stk-1oero9e\" data-block-id=\"1oero9e\"><style>.stk-1oero9e {margin-bottom:0px !important;}.stk-1oero9e .stk--svg-wrapper .stk--inner-svg svg:last-child{height:16px !important;width:16px !important;}.stk-1oero9e .stk--svg-wrapper .stk--inner-svg svg:last-child, .stk-1oero9e .stk--svg-wrapper .stk--inner-svg svg:last-child :is(g, path, rect, polygon, ellipse){fill:var(--theme-palette-color-3, #181818) !important;}<\/style><span class=\"stk--svg-wrapper\"><div class=\"stk--inner-svg\"><svg style=\"height:0;width:0\"><defs><linearGradient id=\"linear-gradient-1oero9e\" x1=\"0\" x2=\"100%\" y1=\"0\" y2=\"0\"><stop offset=\"0%\" style=\"stop-opacity:1;stop-color:var(--linear-gradient-86809-d-1-color-1)\"><\/stop><stop offset=\"100%\" style=\"stop-opacity:1;stop-color:var(--linear-gradient-86809-d-1-color-2)\"><\/stop><\/linearGradient><\/defs><\/svg><svg xmlns=\"http:\/\/www.w3.org\/2000\/svg\" viewBox=\"0 0 384 512\" aria-hidden=\"true\" width=\"32\" height=\"32\"><path d=\"M215.7 499.2C267 435 384 279.4 384 192C384 86 298 0 192 0S0 86 0 192c0 87.4 117 243 168.3 307.2c12.3 15.3 35.1 15.3 47.4 0zM192 128a64 64 0 1 1 0 128 64 64 0 1 1 0-128z\"\/><\/svg><\/div><\/span><\/div>\n\n\n<h6 class=\"ct-dynamic-data wp-elements-9c71f4d69096d7a31d6525589701c82f\">Berlin<\/h6><\/div>\n\n\n\n<div class=\"wp-block-group is-content-justification-space-between is-nowrap is-layout-flex wp-container-core-group-is-layout-5ab169e9 wp-block-group-is-layout-flex\">\n<div class=\"wp-block-stackable-icon stk-block-icon stk-block stk-n4xtsnk\" data-block-id=\"n4xtsnk\"><style>.stk-n4xtsnk {margin-bottom:0px !important;}.stk-n4xtsnk .stk--svg-wrapper .stk--inner-svg svg:last-child{height:16px !important;width:16px !important;}.stk-n4xtsnk .stk--svg-wrapper .stk--inner-svg svg:last-child, .stk-n4xtsnk .stk--svg-wrapper .stk--inner-svg svg:last-child :is(g, path, rect, polygon, ellipse){fill:var(--theme-palette-color-3, #181818) !important;}<\/style><span class=\"stk--svg-wrapper\"><div class=\"stk--inner-svg\"><svg style=\"height:0;width:0\"><defs><linearGradient id=\"linear-gradient-n4xtsnk\" x1=\"0\" x2=\"100%\" y1=\"0\" y2=\"0\"><stop offset=\"0%\" style=\"stop-opacity:1;stop-color:var(--linear-gradient-74-ad-697-color-1)\"><\/stop><stop offset=\"100%\" style=\"stop-opacity:1;stop-color:var(--linear-gradient-74-ad-697-color-2)\"><\/stop><\/linearGradient><\/defs><\/svg><svg xmlns=\"http:\/\/www.w3.org\/2000\/svg\" viewBox=\"0 0 512 512\" aria-hidden=\"true\" width=\"32\" height=\"32\"><path d=\"M256 0a256 256 0 1 1 0 512A256 256 0 1 1 256 0zM232 120V256c0 8 4 15.5 10.7 20l96 64c11 7.4 25.9 4.4 33.3-6.7s4.4-25.9-6.7-33.3L280 243.2V120c0-13.3-10.7-24-24-24s-24 10.7-24 24z\"\/><\/svg><\/div><\/span><\/div>\n\n\n<h6 class=\"ct-dynamic-data wp-elements-4806c001d935656bd93af4e2cfd4312a\">tbc<\/h6><\/div>\n<\/div>\n\n\n\n\n<\/div>\n<\/div>\n\n<\/article><article class=\"wp-block-post is-layout-flow post-2372 event type-event status-publish has-post-thumbnail hentry\">\n\n<div class=\"wp-block-group overflow-hidden is-layout-grid wp-container-core-group-is-layout-eecfc9ee wp-block-group-is-layout-grid\" style=\"border-radius:0.25rem;min-height:100%\"><figure style=\"margin-bottom:0;\" class=\"ct-dynamic-media wp-elements-d1d858835bbc4163cefe2939428a1f3e\" aria-label=\"33. exist Gr\u00fcndungsforum\"><img loading=\"lazy\" decoding=\"async\" width=\"2560\" height=\"1160\" src=\"https:\/\/exist.de\/wp-content\/uploads\/2026\/03\/DSC_0363-scaled.jpg\" class=\"attachment-full size-full\" alt=\"\" style=\"width:100%;height:100%;object-fit: cover;\" srcset=\"https:\/\/exist.de\/wp-content\/uploads\/2026\/03\/DSC_0363-scaled.jpg 2560w, https:\/\/exist.de\/wp-content\/uploads\/2026\/03\/DSC_0363-300x136.jpg 300w, https:\/\/exist.de\/wp-content\/uploads\/2026\/03\/DSC_0363-1024x464.jpg 1024w, https:\/\/exist.de\/wp-content\/uploads\/2026\/03\/DSC_0363-768x348.jpg 768w, https:\/\/exist.de\/wp-content\/uploads\/2026\/03\/DSC_0363-1536x696.jpg 1536w, https:\/\/exist.de\/wp-content\/uploads\/2026\/03\/DSC_0363-2048x928.jpg 2048w, https:\/\/exist.de\/wp-content\/uploads\/2026\/03\/DSC_0363-18x8.jpg 18w\" sizes=\"auto, (max-width: 2560px) 100vw, 2560px\" \/><\/figure>\n\n\n<div class=\"wp-block-group has-palette-color-7-background-color has-background is-layout-constrained wp-block-group-is-layout-constrained\">\n<div class=\"wp-block-group is-vertical is-layout-flex wp-container-core-group-is-layout-4b827052 wp-block-group-is-layout-flex\"><h4 class=\"ct-dynamic-data wp-elements-cb173240eedda9e9bbfc2a52e5aee074\">19.05.2026<\/h4>\n\n<h3 class=\"ct-dynamic-data wp-elements-82f930ec212ddc5dce4ff98a79b78be0\">33. exist Gr\u00fcndungsforum<\/h3><\/div>\n\n\n\n<div class=\"wp-block-group is-vertical is-layout-flex wp-container-core-group-is-layout-98bb686d wp-block-group-is-layout-flex\">\n<div class=\"wp-block-group is-content-justification-space-between is-nowrap is-layout-flex wp-container-core-group-is-layout-5ab169e9 wp-block-group-is-layout-flex\">\n<div class=\"wp-block-stackable-icon stk-block-icon stk-block stk-61cbhkv\" data-block-id=\"61cbhkv\"><style>.stk-61cbhkv {margin-bottom:0px !important;}.stk-61cbhkv .stk--svg-wrapper .stk--inner-svg svg:last-child{height:16px !important;width:16px !important;}.stk-61cbhkv .stk--svg-wrapper .stk--inner-svg svg:last-child, .stk-61cbhkv .stk--svg-wrapper .stk--inner-svg svg:last-child :is(g, path, rect, polygon, ellipse){fill:var(--theme-palette-color-3, #181818) !important;}<\/style><span class=\"stk--svg-wrapper\"><div class=\"stk--inner-svg\"><svg style=\"height:0;width:0\"><defs><linearGradient id=\"linear-gradient-61cbhkv\" x1=\"0\" x2=\"100%\" y1=\"0\" y2=\"0\"><stop offset=\"0%\" style=\"stop-opacity:1;stop-color:var(--linear-gradient-86809-d-1-color-1)\"><\/stop><stop offset=\"100%\" style=\"stop-opacity:1;stop-color:var(--linear-gradient-86809-d-1-color-2)\"><\/stop><\/linearGradient><\/defs><\/svg><svg xmlns=\"http:\/\/www.w3.org\/2000\/svg\" viewBox=\"0 0 384 512\" aria-hidden=\"true\" width=\"32\" height=\"32\"><path d=\"M215.7 499.2C267 435 384 279.4 384 192C384 86 298 0 192 0S0 86 0 192c0 87.4 117 243 168.3 307.2c12.3 15.3 35.1 15.3 47.4 0zM192 128a64 64 0 1 1 0 128 64 64 0 1 1 0-128z\"\/><\/svg><\/div><\/span><\/div>\n\n\n<h6 class=\"ct-dynamic-data wp-elements-9c71f4d69096d7a31d6525589701c82f\">Palais in der Kulturbrauerei, Sch\u00f6nhauser Allee 36, 10435 Berlin<\/h6><\/div>\n\n\n\n<div class=\"wp-block-group is-content-justification-space-between is-nowrap is-layout-flex wp-container-core-group-is-layout-5ab169e9 wp-block-group-is-layout-flex\">\n<div class=\"wp-block-stackable-icon stk-block-icon stk-block stk-iqhigva\" data-block-id=\"iqhigva\"><style>.stk-iqhigva {margin-bottom:0px !important;}.stk-iqhigva .stk--svg-wrapper .stk--inner-svg svg:last-child{height:16px !important;width:16px !important;}.stk-iqhigva .stk--svg-wrapper .stk--inner-svg svg:last-child, .stk-iqhigva .stk--svg-wrapper .stk--inner-svg svg:last-child :is(g, path, rect, polygon, ellipse){fill:var(--theme-palette-color-3, #181818) !important;}<\/style><span class=\"stk--svg-wrapper\"><div class=\"stk--inner-svg\"><svg style=\"height:0;width:0\"><defs><linearGradient id=\"linear-gradient-iqhigva\" x1=\"0\" x2=\"100%\" y1=\"0\" y2=\"0\"><stop offset=\"0%\" style=\"stop-opacity:1;stop-color:var(--linear-gradient-74-ad-697-color-1)\"><\/stop><stop offset=\"100%\" style=\"stop-opacity:1;stop-color:var(--linear-gradient-74-ad-697-color-2)\"><\/stop><\/linearGradient><\/defs><\/svg><svg xmlns=\"http:\/\/www.w3.org\/2000\/svg\" viewBox=\"0 0 512 512\" aria-hidden=\"true\" width=\"32\" height=\"32\"><path d=\"M256 0a256 256 0 1 1 0 512A256 256 0 1 1 256 0zM232 120V256c0 8 4 15.5 10.7 20l96 64c11 7.4 25.9 4.4 33.3-6.7s4.4-25.9-6.7-33.3L280 243.2V120c0-13.3-10.7-24-24-24s-24 10.7-24 24z\"\/><\/svg><\/div><\/span><\/div>\n\n\n<h6 class=\"ct-dynamic-data wp-elements-4806c001d935656bd93af4e2cfd4312a\">09:00 &#8211; 23:59<\/h6><\/div>\n<\/div>\n\n\n<p class=\"ct-dynamic-data wp-elements-65aa24cbe01b677282809056a861bdf0\">Dieses Mal dreht sich alles um die Frage: Wann passt welche Finanzierungsoption f\u00fcr mein Startup? Unsere Speakerinnen und Speaker zeigen, welche Finanzierungsm\u00f6glichkeiten in den verschiedenen Wachstumsphasen sinnvoll sind. Au\u00dferdem werden die neuen exist Startup Factories und Acceleratoren vorgestellt, die Gr\u00fcndungsteams beim Aufbau und Skalieren unterst\u00fctzen.<\/p>\n\n<\/div>\n<\/div>\n\n<\/article><\/div><style>[data-id='3df06caa'] {--grid-columns-width:1;}@media (max-width: 689.98px) {[data-id='3df06caa'] {--grid-columns-width:1;}}<\/style><\/div>\n\n\n\n<div style=\"height:4rem;width:0px\" aria-hidden=\"true\" class=\"wp-block-spacer\"><\/div>\n\n\n\n<div class=\"wp-block-group alignfull is-layout-constrained wp-container-core-group-is-layout-0ca39a12 wp-block-group-is-layout-constrained\" id=\"newsletter\">\n<div class=\"wp-block-group has-palette-color-7-background-color has-background is-vertical is-layout-flex wp-container-core-group-is-layout-6e761456 wp-block-group-is-layout-flex\" style=\"border-top-left-radius:0.25rem;border-top-right-radius:0.25rem;border-bottom-left-radius:0.25rem;border-bottom-right-radius:0.25rem;padding-top:var(--wp--preset--spacing--70);padding-right:var(--wp--preset--spacing--70);padding-bottom:var(--wp--preset--spacing--70);padding-left:var(--wp--preset--spacing--70)\">\n<div class=\"wp-block-group is-vertical is-layout-flex wp-container-core-group-is-layout-65f67d3f wp-block-group-is-layout-flex\">\n<h2 class=\"wp-block-heading\">exist Update<\/h2>\n\n\n\n<p>Aktuelle Informationen, Programme und Termine aus dem exist-Kosmos \u2013 kompakt und direkt in Ihrem Postfach.<\/p>\n<\/div>\n\n\n\n<div class=\"wp-block-buttons rm-open-popup is-layout-flex wp-block-buttons-is-layout-flex\">\n<div class=\"wp-block-button rm-open-popup\"><a class=\"wp-block-button__link wp-element-button\">Newsletter abonnieren<\/a><\/div>\n<\/div>\n<\/div>\n<\/div>\n","protected":false},"excerpt":{"rendered":"<p>EXIST is represented at a large number of events every year, whether as a guest, cooperation or network partner. Where and when EXIST can be found is always communicated on our LinkedIn channel. Here you will find an overview of events that are explicitly aimed at our funded founders or the EXIST university network.<\/p>","protected":false},"author":1,"featured_media":0,"parent":0,"menu_order":25,"comment_status":"closed","ping_status":"closed","template":"","meta":{"_acf_changed":false,"_seopress_robots_primary_cat":"","_seopress_titles_title":"","_seopress_titles_desc":"","_seopress_robots_index":"","footnotes":""},"class_list":["post-1455","page","type-page","status-publish","hentry"],"blocksy_meta":{"content_style_source":"inherit","vertical_spacing_source":"inherit","styles_descriptor":{"styles":{"desktop":"","tablet":"","mobile":""},"google_fonts":[],"version":6},"page_structure_type":"default","disable_header":"no","has_hero_section":"disabled","hero_elements":[{"id":"custom_title","enabled":true,"heading_tag":"h1","title":"Home","__id":"oBiD_g90zZMwSligGNjST"},{"id":"custom_description","enabled":false,"description_visibility":{"desktop":true,"tablet":true,"mobile":false},"__id":"rNtktceFS52zveRwbAiO1"},{"id":"custom_meta","enabled":false,"meta_elements":[{"id":"author","enabled":true,"label":"By","has_author_avatar":"yes","avatar_size":25},{"id":"post_date","enabled":true,"label":"On","date_format_source":"default","date_format":"M j, Y"},{"id":"updated_date","enabled":false,"label":"On","date_format_source":"default","date_format":"M j, Y"},{"id":"categories","enabled":false,"label":"In","style":"simple"},{"id":"comments","enabled":true}],"page_meta_elements":{"joined":true,"articles_count":true,"comments":true},"__id":"bH-ky-B1IDJH4cIAXaKp6"},{"id":"breadcrumbs","enabled":false,"__id":"TqUyk8V8k-dSPNLrZ4eEY"},{"id":"content-block","enabled":false,"__id":"DupAsXGlmcuknqKd_ZwTY"}]},"acf":[],"_links":{"self":[{"href":"https:\/\/exist.de\/en\/wp-json\/wp\/v2\/pages\/1455","targetHints":{"allow":["GET"]}}],"collection":[{"href":"https:\/\/exist.de\/en\/wp-json\/wp\/v2\/pages"}],"about":[{"href":"https:\/\/exist.de\/en\/wp-json\/wp\/v2\/types\/page"}],"author":[{"embeddable":true,"href":"https:\/\/exist.de\/en\/wp-json\/wp\/v2\/users\/1"}],"replies":[{"embeddable":true,"href":"https:\/\/exist.de\/en\/wp-json\/wp\/v2\/comments?post=1455"}],"version-history":[{"count":36,"href":"https:\/\/exist.de\/en\/wp-json\/wp\/v2\/pages\/1455\/revisions"}],"predecessor-version":[{"id":2341,"href":"https:\/\/exist.de\/en\/wp-json\/wp\/v2\/pages\/1455\/revisions\/2341"}],"wp:attachment":[{"href":"https:\/\/exist.de\/en\/wp-json\/wp\/v2\/media?parent=1455"}],"curies":[{"name":"wp","href":"https:\/\/api.w.org\/{rel}","templated":true}]}}