{"id":15,"date":"2025-02-05T16:12:07","date_gmt":"2025-02-05T15:12:07","guid":{"rendered":"https:\/\/ptj9105.ptj.de\/?page_id=15"},"modified":"2025-12-04T13:07:51","modified_gmt":"2025-12-04T12:07:51","slug":"impressum","status":"publish","type":"page","link":"https:\/\/exist.de\/en\/impressum\/","title":{"rendered":"Imprint"},"content":{"rendered":"<div class=\"wp-block-group alignfull has-palette-color-7-background-color has-background is-layout-constrained wp-container-core-group-is-layout-ed267a65 wp-block-group-is-layout-constrained\" style=\"margin-top:0;margin-bottom:0;padding-top:var(--wp--preset--spacing--50);padding-bottom:var(--wp--preset--spacing--50)\"><\/div>\n\n\n\n<div class=\"wp-block-group alignfull has-palette-color-8-color has-palette-color-3-background-color has-text-color has-background wp-elements-f67b6f683a95170a086a50926946ce56 is-layout-constrained wp-container-core-group-is-layout-56724740 wp-block-group-is-layout-constrained\" style=\"padding-top:var(--wp--preset--spacing--80);padding-bottom:var(--wp--preset--spacing--80)\">\n<div class=\"wp-block-group is-layout-constrained wp-block-group-is-layout-constrained\">\n<h1 class=\"wp-block-heading has-palette-color-8-color has-text-color has-link-color wp-elements-a68bd3ff23b50bdcf2a4bdc54399d449\">Imprint<\/h1>\n<\/div>\n<\/div>\n\n\n\n<div class=\"wp-block-group is-layout-constrained wp-container-core-group-is-layout-bdbfdc43 wp-block-group-is-layout-constrained\">\n<h2 class=\"wp-block-heading\">Internet project support<\/h2>\n\n\n\n<p>Federal Ministry for Economic Affairs and Energy<br>Social media\/online communication department<br>Scharnhorststr. 34-37<br>10115 Berlin<br>Postal address: 11019 Berlin <\/p>\n\n\n\n<p>Responsible: Oliver Hunke<br>Phone: 030-18 615-0<\/p>\n\n\n\n<p>Do you have any questions, suggestions or criticism? Please click <a href=\"https:\/\/exist.de\/en\/kontakt\/\" data-type=\"page\" data-id=\"57\">here<\/a>!<br>If you have any technical questions about the BMWE website, please send an e-mail to: <a href=\"mailto:info@bmwe.bund.de\">info@bmwe.bund.de<\/a><br>Contact to the DE-Mail address is only possible from another DE-Mail address. Further information can be found <a href=\"https:\/\/www.bmi.bund.de\/DE\/themen\/moderne-verwaltung\/e-government\/de-mail\/de-mail-node.html\" target=\"_blank\" rel=\"noreferrer noopener\">here<\/a>.<\/p>\n\n\n\n<h2 class=\"wp-block-heading\">Realization and ongoing operation<\/h2>\n\n\n\n<p>Research Center J\u00fclich GmbH<br>Project Management J\u00fclich<br>L\u00fctzowstrasse 109<br>10785 Berlin<br><a href=\"mailto:exist-kommunikation@fz-juelich.de\">exist-kommunikation@fz-juelich.de<\/a><\/p>\n\n\n\n<p>Off and On again GmbH<br>Prinzessinnenstra\u00dfe 19<br>10969 Berlin<br><a href=\"mailto:hello@oaoa.agency\" data-type=\"mailto\" data-id=\"mailto:hello@oaoa.agency\">hello@oaoa.agency<\/a><\/p>\n\n\n\n<h2 class=\"wp-block-heading\">Presence of the Federal Ministry for Economic Affairs and Energy in the social media<\/h2>\n\n\n\n<p>Federal Ministry for Economic Affairs and Energy<br>Social media\/online communication department<br>Scharnhorststr. 34-37<br>10115 Berlin<br>Postal address: 11019 Berlin<br>Phone: 030-18 615-0<br>Email: <a href=\"mailto:info@bmwk.bund.de\"><a href=\"mailto:info@bmwe.bund.de\">info@bmwe.bund.de<\/a><\/a><\/p>\n\n\n\n<p>The comments of users reflect their opinions only, not those of the Ministry. The contents of linked pages also do not reflect the opinion of the Ministry. The Federal Ministry for Economic Affairs and Energy cannot accept any liability for the content of linked pages, even if these are checked as part of the careful moderation process.<\/p>\n\n\n\n<h2 class=\"wp-block-heading\">Copyright for images<\/h2>\n\n\n\n<p><strong>Unless otherwise stated<\/strong>:<br>Federal Ministry for Economic Affairs and Energy<br>Scharnhorststr. 34-37<br>D-10115 Berlin<\/p>\n\n\n\n<h2 class=\"wp-block-heading\"><strong><abbr title=\"\">CC<\/abbr>-Licensing<\/strong><\/h2>\n\n\n\n<p>Unless otherwise indicated, the texts on this site are protected by copyright. <a href=\"http:\/\/creativecommons.org\/licenses\/by-nd\/3.0\/de\/\" target=\"_blank\" rel=\"noreferrer noopener\">Creative Commons Attribution - No Derivatives 3.0 Germany License<\/a>.<\/p>\n<\/div>","protected":false},"excerpt":{"rendered":"<p>Impressum Internet-Projektbetreuung Bundesministerium f\u00fcr Wirtschaft und EnergieReferat Soziale Medien\/Online-KommunikationScharnhorststr. 34-3710115 BerlinPostanschrift: 11019 Berlin Verantwortlich: Oliver HunkeTelefon: 030-18 615-0 Sie haben Fragen, Anregungen oder Kritik? Bitte klicken Sie hier!Bei technischen Fragen zum Internetauftritt des BMWE schreiben Sie bitte eine E-Mail an: info@bmwe.bund.deDer Kontakt zur DE-Mail-Adresse ist nur von einer anderen DE-Mail-Adresse aus m\u00f6glich. Weiter Informationen finden [&hellip;]<\/p>\n","protected":false},"author":1,"featured_media":0,"parent":0,"menu_order":90,"comment_status":"closed","ping_status":"closed","template":"","meta":{"_acf_changed":false,"_seopress_robots_primary_cat":"","_seopress_titles_title":"","_seopress_titles_desc":"","_seopress_robots_index":"","footnotes":""},"class_list":["post-15","page","type-page","status-publish","hentry"],"blocksy_meta":[],"acf":[],"_links":{"self":[{"href":"https:\/\/exist.de\/en\/wp-json\/wp\/v2\/pages\/15","targetHints":{"allow":["GET"]}}],"collection":[{"href":"https:\/\/exist.de\/en\/wp-json\/wp\/v2\/pages"}],"about":[{"href":"https:\/\/exist.de\/en\/wp-json\/wp\/v2\/types\/page"}],"author":[{"embeddable":true,"href":"https:\/\/exist.de\/en\/wp-json\/wp\/v2\/users\/1"}],"replies":[{"embeddable":true,"href":"https:\/\/exist.de\/en\/wp-json\/wp\/v2\/comments?post=15"}],"version-history":[{"count":10,"href":"https:\/\/exist.de\/en\/wp-json\/wp\/v2\/pages\/15\/revisions"}],"predecessor-version":[{"id":2174,"href":"https:\/\/exist.de\/en\/wp-json\/wp\/v2\/pages\/15\/revisions\/2174"}],"wp:attachment":[{"href":"https:\/\/exist.de\/en\/wp-json\/wp\/v2\/media?parent=15"}],"curies":[{"name":"wp","href":"https:\/\/api.w.org\/{rel}","templated":true}]}}