{"id":19,"date":"2025-02-05T16:12:55","date_gmt":"2025-02-05T15:12:55","guid":{"rendered":"https:\/\/ptj9105.ptj.de\/?page_id=19"},"modified":"2025-06-19T11:45:47","modified_gmt":"2025-06-19T09:45:47","slug":"barrierefreiheit","status":"publish","type":"page","link":"https:\/\/exist.de\/en\/barrierefreiheit\/","title":{"rendered":"Accessibility"},"content":{"rendered":"<div class=\"wp-block-group alignfull has-palette-color-7-background-color has-background is-layout-constrained wp-container-core-group-is-layout-ed267a65 wp-block-group-is-layout-constrained\" style=\"margin-top:0;margin-bottom:0;padding-top:var(--wp--preset--spacing--50);padding-bottom:var(--wp--preset--spacing--50)\"><\/div>\n\n\n\n<div class=\"wp-block-group alignfull has-palette-color-8-color has-palette-color-3-background-color has-text-color has-background wp-elements-d6b44fcd57b4c8497205f300fd29a7ca is-layout-constrained wp-container-core-group-is-layout-56724740 wp-block-group-is-layout-constrained\" style=\"padding-top:var(--wp--preset--spacing--80);padding-bottom:var(--wp--preset--spacing--80)\">\n<div class=\"wp-block-group is-layout-constrained wp-block-group-is-layout-constrained\">\n<h1 class=\"wp-block-heading has-palette-color-8-color has-text-color has-link-color wp-elements-1dd48b1cb14e26745225ca30edbd007a\">Accessibility<\/h1>\n<\/div>\n<\/div>\n\n\n\n<div class=\"wp-block-group is-layout-constrained wp-container-core-group-is-layout-bdbfdc43 wp-block-group-is-layout-constrained\">\n<p>The Federal Ministry for Economic Affairs and Energy is endeavoring to make the website <a href=\"https:\/\/exist.de\/en\/\" data-type=\"page\" data-id=\"10\">www.exist.de<\/a> accessible without barriers. The legal basis is the <a href=\"https:\/\/www.gesetze-im-internet.de\/bgg\/\" target=\"_blank\" rel=\"noreferrer noopener\">Disability Equality Act (BGG)<\/a> and the <a href=\"http:\/\/www.gesetze-im-internet.de\/bitv_2_0\/\" target=\"_blank\" rel=\"noreferrer noopener\">Barrier-free Information Technology Ordinance (BITV)<\/a>.<\/p>\n\n\n\n<h3 class=\"wp-block-heading\">Contact us<\/h3>\n\n\n\n<p>Should you nevertheless encounter barriers on our pages, please send us a message via the <a href=\"https:\/\/exist.de\/en\/kontakt\/#kontaktformular\" data-type=\"page\" data-id=\"57\">Contact form<\/a> a corresponding note with a description of where you noticed the error.<\/p>\n\n\n\n<h3 class=\"wp-block-heading\">Conciliation procedure<\/h3>\n\n\n\n<p>If you are of the opinion that the insufficiently barrier-free design of <a href=\"https:\/\/exist.de\/en\/\" data-type=\"page\" data-id=\"10\">www.exist.de<\/a> you can contact the BGG arbitration board:<\/p>\n\n\n\n<p>Conciliation body under the Disability Equality Act at the Federal Government Commissioner for Matters relating to Persons with Disabilities<br>Mauerstrasse 53<br>10117 Berlin<\/p>\n\n\n\n<p>Phone: 030 18 527 2805<br>E-Mail: <a href=\"mailto:info@schlichtungsstelle-bgg.de\" target=\"_blank\" rel=\"noreferrer noopener\">info@schlichtungsstelle-bgg.de<\/a><br>Internet: <a href=\"https:\/\/www.schlichtungsstelle-bgg.de\" target=\"_blank\" rel=\"noreferrer noopener\">www.schlichtungsstelle-bgg.de<\/a><\/p>\n<\/div>","protected":false},"excerpt":{"rendered":"<p>Barrierefreiheit Das Bundesministerium f\u00fcr Wirtschaft und Energie ist bem\u00fcht, die Website www.exist.de barrierefrei zug\u00e4nglich zu machen. Rechtsgrundlage sind das Behindertengleichstellungsgesetz (BGG) und die Barrierefreie-Informationstechnik-Verordnung (BITV). Kontakt Sollten Sie auf unseren Seiten dennoch auf Barrieren sto\u00dfen, senden Sie uns bitte \u00fcber das Kontaktformular einen entsprechenden Hinweis mit einer Beschreibung, wo Ihnen der Fehler aufgefallen ist. Schlichtungsverfahren [&hellip;]<\/p>\n","protected":false},"author":1,"featured_media":0,"parent":0,"menu_order":99,"comment_status":"closed","ping_status":"closed","template":"","meta":{"_acf_changed":false,"_seopress_robots_primary_cat":"","_seopress_titles_title":"","_seopress_titles_desc":"","_seopress_robots_index":"","footnotes":""},"class_list":["post-19","page","type-page","status-publish","hentry"],"blocksy_meta":[],"acf":[],"_links":{"self":[{"href":"https:\/\/exist.de\/en\/wp-json\/wp\/v2\/pages\/19","targetHints":{"allow":["GET"]}}],"collection":[{"href":"https:\/\/exist.de\/en\/wp-json\/wp\/v2\/pages"}],"about":[{"href":"https:\/\/exist.de\/en\/wp-json\/wp\/v2\/types\/page"}],"author":[{"embeddable":true,"href":"https:\/\/exist.de\/en\/wp-json\/wp\/v2\/users\/1"}],"replies":[{"embeddable":true,"href":"https:\/\/exist.de\/en\/wp-json\/wp\/v2\/comments?post=19"}],"version-history":[{"count":5,"href":"https:\/\/exist.de\/en\/wp-json\/wp\/v2\/pages\/19\/revisions"}],"predecessor-version":[{"id":1651,"href":"https:\/\/exist.de\/en\/wp-json\/wp\/v2\/pages\/19\/revisions\/1651"}],"wp:attachment":[{"href":"https:\/\/exist.de\/en\/wp-json\/wp\/v2\/media?parent=19"}],"curies":[{"name":"wp","href":"https:\/\/api.w.org\/{rel}","templated":true}]}}