{"id":57,"date":"2025-02-05T17:32:42","date_gmt":"2025-02-05T16:32:42","guid":{"rendered":"https:\/\/ptj9105.ptj.de\/?page_id=57"},"modified":"2025-12-17T17:30:23","modified_gmt":"2025-12-17T16:30:23","slug":"kontakt","status":"publish","type":"page","link":"https:\/\/exist.de\/en\/kontakt\/","title":{"rendered":"Contact us"},"content":{"rendered":"\n<div class=\"wp-block-group alignfull has-palette-color-7-background-color has-background is-layout-constrained wp-container-core-group-is-layout-ed267a65 wp-block-group-is-layout-constrained\" style=\"margin-top:0;margin-bottom:0;padding-top:var(--wp--preset--spacing--50);padding-bottom:var(--wp--preset--spacing--50)\"><\/div>\n\n\n\n<div class=\"wp-block-group alignfull has-palette-color-8-color has-palette-color-3-background-color has-text-color has-background wp-elements-e5437eb8c72578eb71f7bd8137f348d0 is-layout-constrained wp-container-core-group-is-layout-56724740 wp-block-group-is-layout-constrained\" style=\"padding-top:var(--wp--preset--spacing--80);padding-bottom:var(--wp--preset--spacing--80)\">\n<div class=\"wp-block-group is-layout-constrained wp-block-group-is-layout-constrained\">\n<h1 class=\"wp-block-heading has-palette-color-8-color has-text-color has-link-color wp-elements-e49dd5feeb1f5641cf885e68104b9e89\">Kontakt<\/h1>\n\n\n\n<div class=\"wp-block-buttons is-layout-flex wp-block-buttons-is-layout-flex\">\n<div class=\"wp-block-button is-style-fill\"><a class=\"wp-block-button__link has-palette-color-1-color has-palette-color-8-background-color has-text-color has-background has-link-color wp-element-button\" href=\"#kontaktformular\">Zum Kontaktformular<\/a><\/div>\n<\/div>\n<\/div>\n<\/div>\n\n\n\n<div style=\"height:4rem\" aria-hidden=\"true\" class=\"wp-block-spacer\"><\/div>\n\n\n\n<div class=\"wp-block-group is-layout-constrained wp-container-core-group-is-layout-bdbfdc43 wp-block-group-is-layout-constrained\">\n<p>Gerne beantworten wir Ihre Anfragen. W\u00e4hlen Sie einfach die entsprechende Funktionsemail  zu einer der verschiedenen Programmlinien, damit wir Ihr Anliegen zielgerichtet bearbeiten k\u00f6nnen.<\/p>\n<\/div>\n\n\n\n<div class=\"wp-block-group is-content-justification-center is-layout-constrained wp-block-group-is-layout-constrained\">\n<div class=\"wp-block-group is-layout-grid wp-container-core-group-is-layout-361925c6 wp-block-group-is-layout-grid\">\n<div class=\"wp-block-group has-palette-color-7-background-color has-background is-vertical is-content-justification-stretch is-nowrap is-layout-flex wp-container-core-group-is-layout-146f5977 wp-block-group-is-layout-flex\" style=\"border-radius:0.25rem;padding-top:var(--wp--preset--spacing--50);padding-right:var(--wp--preset--spacing--50);padding-bottom:var(--wp--preset--spacing--50);padding-left:var(--wp--preset--spacing--50)\">\n<h5 class=\"wp-block-heading\">exist-Gr\u00fcndungsstipendium<\/h5>\n\n\n\n<div class=\"wp-block-buttons is-content-justification-left is-nowrap is-layout-flex wp-container-core-buttons-is-layout-fc9f69e7 wp-block-buttons-is-layout-flex\">\n<div class=\"wp-block-button is-style-outline is-style-outline--3\"><a class=\"wp-block-button__link wp-element-button\" href=\"mailto:ptj-exist-gruendungsstipendium@fz-juelich.de\">E-Mail<\/a><\/div>\n<\/div>\n<\/div>\n\n\n\n<div class=\"wp-block-group has-palette-color-7-background-color has-background is-vertical is-content-justification-stretch is-nowrap is-layout-flex wp-container-core-group-is-layout-146f5977 wp-block-group-is-layout-flex\" style=\"border-radius:0.25rem;padding-top:var(--wp--preset--spacing--50);padding-right:var(--wp--preset--spacing--50);padding-bottom:var(--wp--preset--spacing--50);padding-left:var(--wp--preset--spacing--50)\">\n<h5 class=\"wp-block-heading\">exist-Forschungstransfer<\/h5>\n\n\n\n<div class=\"wp-block-buttons is-content-justification-left is-nowrap is-layout-flex wp-container-core-buttons-is-layout-fc9f69e7 wp-block-buttons-is-layout-flex\">\n<div class=\"wp-block-button is-style-outline is-style-outline--4\"><a class=\"wp-block-button__link wp-element-button\" href=\"mailto:ptj-exist-forschungstransfer@fz-juelich.de\">E-Mail<\/a><\/div>\n<\/div>\n<\/div>\n\n\n\n<div class=\"wp-block-group has-palette-color-7-background-color has-background is-vertical is-content-justification-stretch is-nowrap is-layout-flex wp-container-core-group-is-layout-146f5977 wp-block-group-is-layout-flex\" style=\"border-radius:0.25rem;padding-top:var(--wp--preset--spacing--50);padding-right:var(--wp--preset--spacing--50);padding-bottom:var(--wp--preset--spacing--50);padding-left:var(--wp--preset--spacing--50)\">\n<h5 class=\"wp-block-heading\">exist-Gr\u00fcndungskultur<\/h5>\n\n\n\n<div class=\"wp-block-buttons is-content-justification-left is-nowrap is-layout-flex wp-container-core-buttons-is-layout-fc9f69e7 wp-block-buttons-is-layout-flex\">\n<div class=\"wp-block-button is-style-outline is-style-outline--5\"><a class=\"wp-block-button__link wp-element-button\" href=\"mailto:ptj-exist-gruendungskultur@fz-juelich.de\">E-Mail<\/a><\/div>\n<\/div>\n<\/div>\n\n\n\n<div class=\"wp-block-group has-palette-color-7-background-color has-background is-vertical is-content-justification-stretch is-nowrap is-layout-flex wp-container-core-group-is-layout-146f5977 wp-block-group-is-layout-flex\" style=\"border-radius:0.25rem;padding-top:var(--wp--preset--spacing--50);padding-right:var(--wp--preset--spacing--50);padding-bottom:var(--wp--preset--spacing--50);padding-left:var(--wp--preset--spacing--50)\">\n<h5 class=\"wp-block-heading\">exist-Women<\/h5>\n\n\n\n<div class=\"wp-block-buttons is-content-justification-left is-nowrap is-layout-flex wp-container-core-buttons-is-layout-fc9f69e7 wp-block-buttons-is-layout-flex\">\n<div class=\"wp-block-button is-style-outline is-style-outline--6\"><a class=\"wp-block-button__link wp-element-button\" href=\"mailto:ptj-exist-women@fz-juelich.de\">E-Mail<\/a><\/div>\n<\/div>\n<\/div>\n\n\n\n<div class=\"wp-block-group has-palette-color-7-background-color has-background is-vertical is-content-justification-stretch is-nowrap is-layout-flex wp-container-core-group-is-layout-146f5977 wp-block-group-is-layout-flex\" style=\"border-radius:0.25rem;padding-top:var(--wp--preset--spacing--50);padding-right:var(--wp--preset--spacing--50);padding-bottom:var(--wp--preset--spacing--50);padding-left:var(--wp--preset--spacing--50)\">\n<h5 class=\"wp-block-heading\">exist-Startup Factories<\/h5>\n\n\n\n<div class=\"wp-block-buttons is-content-justification-left is-nowrap is-layout-flex wp-container-core-buttons-is-layout-fc9f69e7 wp-block-buttons-is-layout-flex\">\n<div class=\"wp-block-button is-style-outline is-style-outline--7\"><a class=\"wp-block-button__link wp-element-button\" href=\"mailto:info@startup-factories.de\">E-Mail<\/a><\/div>\n<\/div>\n<\/div>\n\n\n\n<div class=\"wp-block-group has-palette-color-7-background-color has-background is-vertical is-content-justification-stretch is-nowrap is-layout-flex wp-container-core-group-is-layout-146f5977 wp-block-group-is-layout-flex\" style=\"border-radius:0.25rem;padding-top:var(--wp--preset--spacing--50);padding-right:var(--wp--preset--spacing--50);padding-bottom:var(--wp--preset--spacing--50);padding-left:var(--wp--preset--spacing--50)\">\n<h5 class=\"wp-block-heading\">exist-Kommunikation<\/h5>\n\n\n\n<div class=\"wp-block-buttons is-content-justification-left is-nowrap is-layout-flex wp-container-core-buttons-is-layout-fc9f69e7 wp-block-buttons-is-layout-flex\">\n<div class=\"wp-block-button is-style-outline is-style-outline--8\"><a class=\"wp-block-button__link wp-element-button\" href=\"mailto:exist-kommunikation@fz-juelich.de\">E-Mail<\/a><\/div>\n<\/div>\n<\/div>\n\n\n\n<div class=\"wp-block-group has-palette-color-8-color has-palette-color-1-background-color has-text-color has-background has-link-color wp-elements-675a7dff81198704a17d321e983abeb6 is-vertical is-content-justification-stretch is-nowrap is-layout-flex wp-container-core-group-is-layout-146f5977 wp-block-group-is-layout-flex\" style=\"border-radius:0.25rem;padding-top:var(--wp--preset--spacing--50);padding-right:var(--wp--preset--spacing--50);padding-bottom:var(--wp--preset--spacing--50);padding-left:var(--wp--preset--spacing--50)\">\n<h5 class=\"wp-block-heading has-palette-color-8-color has-text-color has-link-color wp-elements-de47aeb30f68493cbbabc44a7c88ad98\">exist-Hotline 030 20199-411<\/h5>\n\n\n\n<div class=\"wp-block-buttons is-content-justification-left is-nowrap is-layout-flex wp-container-core-buttons-is-layout-fc9f69e7 wp-block-buttons-is-layout-flex\">\n<div class=\"wp-block-button is-style-fill\"><a class=\"wp-block-button__link has-palette-color-1-color has-palette-color-8-background-color has-text-color has-background has-link-color wp-element-button\" href=\"tel:03020199411\">Anrufen<\/a><\/div>\n<\/div>\n<\/div>\n\n\n\n<p class=\"has-text-align-left\"><\/p>\n<\/div>\n<\/div>\n\n\n\n<div class=\"wp-block-group is-layout-constrained wp-container-core-group-is-layout-bdbfdc43 wp-block-group-is-layout-constrained\">\n<p>Hier k\u00f6nnen Sie zudem eine Nachricht an das Bundesministerium f\u00fcr Wirtschaft und Energie senden, auch um einen Anspruch auf Informationszugang im Sinne des Gesetzes zur Regelung des Zugangs zu Informationen des Bundes (IFG) geltend zu machen. Damit wir Ihre Fragen bei Bedarf ausf\u00fchrlich beantworten und &#8211; wenn vorhanden &#8211; Informationsmaterial zuschicken k\u00f6nnen, k\u00f6nnen Sie in weiteren Feldern zus\u00e4tzlich auch Ihre Postanschrift angeben.<\/p>\n\n\n\n<p>Selbstverst\u00e4ndlich beachten wir die Vorschriften des Datenschutzes.<br>Vielen Dank!<\/p>\n<\/div>\n\n\n\n<div style=\"height:4rem\" aria-hidden=\"true\" class=\"wp-block-spacer\"><\/div>\n\n\n\n<div id=\"kontaktformular\" class=\"wp-block-group is-layout-constrained wp-container-core-group-is-layout-bdbfdc43 wp-block-group-is-layout-constrained\"><style id=\"wpforms-css-vars-845-block-bab28edd-10c8-4e57-8e37-c42b0ad6c7d0\">\n\t\t\t\t#wpforms-845.wpforms-block-bab28edd-10c8-4e57-8e37-c42b0ad6c7d0 {\n\t\t\t\t--wpforms-label-color: #1A2745;\n--wpforms-label-sublabel-color: #FAAD17;\n--wpforms-label-error-color: #ED2124;\n--wpforms-page-break-color: #dddddd;\n--wpforms-field-border-radius: 4px;\n--wpforms-field-border-color: #FDE7E0;\n--wpforms-field-border-color-spare: #FDE7E0;\n--wpforms-field-text-color: #1A2745;\n--wpforms-button-border-size: 0px;\n--wpforms-button-border-radius: 4px;\n--wpforms-button-background-color: #ED2124;\n--wpforms-button-text-color: var(--theme-palette-color-8, #ffffff);\n--wpforms-button-border-color: #cccccc;\n--wpforms-field-size-input-height: 43px;\n--wpforms-field-size-input-spacing: 15px;\n--wpforms-field-size-font-size: 16px;\n--wpforms-field-size-line-height: 19px;\n--wpforms-field-size-padding-h: 14px;\n--wpforms-field-size-checkbox-size: 16px;\n--wpforms-field-size-sublabel-spacing: 5px;\n--wpforms-field-size-icon-size: 1;\n--wpforms-label-size-font-size: 16px;\n--wpforms-label-size-line-height: 19px;\n--wpforms-label-size-sublabel-font-size: 14px;\n--wpforms-label-size-sublabel-line-height: 17px;\n--wpforms-button-size-font-size: 17px;\n--wpforms-button-size-height: 41px;\n--wpforms-button-size-padding-h: 15px;\n--wpforms-button-size-margin-top: 10px;\n\t\t\t}\n\t\t\t<\/style><div class=\"wpforms-container wpforms-container-full wpforms-block wpforms-block-bab28edd-10c8-4e57-8e37-c42b0ad6c7d0 wpforms-render-modern\" id=\"wpforms-845\"><form id=\"wpforms-form-845\" class=\"wpforms-validate wpforms-form wpforms-ajax-form\" data-formid=\"845\" method=\"post\" enctype=\"multipart\/form-data\" action=\"\/en\/wp-json\/wp\/v2\/pages\/57\" data-token=\"00ae8aa7865dcd65bb249c6bb6c8f21d\" data-token-time=\"1775342789\"><noscript class=\"wpforms-error-noscript\">Please enable JavaScript in your browser to complete this form.<\/noscript><div id=\"wpforms-error-noscript\" style=\"display: none;\">Please enable JavaScript in your browser to complete this form.<\/div><div class=\"wpforms-field-container\"><div id=\"wpforms-845-field_4-container\" class=\"wpforms-field wpforms-field-select wpforms-field-select-style-modern\" data-field-id=\"4\"><label class=\"wpforms-field-label\" for=\"wpforms-845-field_4\">Anrede <span class=\"wpforms-required-label\" aria-hidden=\"true\">*<\/span><\/label><select id=\"wpforms-845-field_4\" class=\"wpforms-field-large wpforms-field-required choicesjs-select\" data-size-class=\"wpforms-field-row wpforms-field-large\" data-search-enabled=\"\" name=\"wpforms[fields][4]\" required=\"required\"><option value=\"\" class=\"placeholder\" disabled  selected='selected'><\/option><option value=\"Andere\"  class=\"choice-1 depth-1\"  >Andere<\/option><option value=\"Frau\"  class=\"choice-2 depth-1\"  >Frau<\/option><option value=\"Herr\"  class=\"choice-3 depth-1\"  >Herr<\/option><\/select><\/div><div id=\"wpforms-845-field_1-container\" class=\"wpforms-field wpforms-field-name\" data-field-id=\"1\"><fieldset><legend class=\"wpforms-field-label\">Name <span class=\"wpforms-required-label\" aria-hidden=\"true\">*<\/span><\/legend><div class=\"wpforms-field-row wpforms-field-large\"><div class=\"wpforms-field-row-block wpforms-first wpforms-one-half\"><input type=\"text\" id=\"wpforms-845-field_1\" class=\"wpforms-field-name-first wpforms-field-required\" name=\"wpforms[fields][1][first]\" aria-errormessage=\"wpforms-845-field_1-error\" required><label for=\"wpforms-845-field_1\" class=\"wpforms-field-sublabel after\">First<\/label><\/div><div class=\"wpforms-field-row-block wpforms-one-half\"><input type=\"text\" id=\"wpforms-845-field_1-last\" class=\"wpforms-field-name-last wpforms-field-required\" name=\"wpforms[fields][1][last]\" aria-errormessage=\"wpforms-845-field_1-last-error\" required><label for=\"wpforms-845-field_1-last\" class=\"wpforms-field-sublabel after\">Last<\/label><\/div><\/div><\/fieldset><\/div><div id=\"wpforms-845-field_2-container\" class=\"wpforms-field wpforms-field-email\" data-field-id=\"2\"><label class=\"wpforms-field-label\" for=\"wpforms-845-field_2\">E-Mail-Adresse <span class=\"wpforms-required-label\" aria-hidden=\"true\">*<\/span><\/label><input type=\"email\" id=\"wpforms-845-field_2\" class=\"wpforms-field-large wpforms-field-required\" name=\"wpforms[fields][2]\" spellcheck=\"false\" aria-errormessage=\"wpforms-845-field_2-error\" required><\/div>\t\t<div id=\"wpforms-845-field_6-container\"\n\t\t\tclass=\"wpforms-field wpforms-field-text\"\n\t\t\tdata-field-type=\"text\"\n\t\t\tdata-field-id=\"6\"\n\t\t\t>\n\t\t\t<label class=\"wpforms-field-label\" for=\"wpforms-845-field_6\" >Anfrage Anrede und<\/label>\n\t\t\t<input type=\"text\" id=\"wpforms-845-field_6\" class=\"wpforms-field-medium\" name=\"wpforms[fields][6]\" >\n\t\t<\/div>\n\t\t<div id=\"wpforms-845-field_5-container\" class=\"wpforms-field wpforms-field-text\" data-field-id=\"5\"><label class=\"wpforms-field-label\" for=\"wpforms-845-field_5\">Stra\u00dfe und Hausnummer<\/label><input type=\"text\" id=\"wpforms-845-field_5\" class=\"wpforms-field-large\" name=\"wpforms[fields][5]\" aria-errormessage=\"wpforms-845-field_5-error\" aria-describedby=\"wpforms-845-field_5-description\" ><div id=\"wpforms-845-field_5-description\" class=\"wpforms-field-description\">Bitte geben Sie nur dann Ihre Anschrift an, wenn Sie um postalische Zusendung von Informationsmaterial, Brosch\u00fcren u. a. bitten.<\/div><\/div><div id=\"wpforms-845-field_11-container\" class=\"wpforms-field wpforms-field-text\" data-field-id=\"11\"><label class=\"wpforms-field-label\" for=\"wpforms-845-field_11\">PLZ<\/label><input type=\"text\" id=\"wpforms-845-field_11\" class=\"wpforms-field-large\" name=\"wpforms[fields][11]\" aria-errormessage=\"wpforms-845-field_11-error\" ><\/div><div id=\"wpforms-845-field_7-container\" class=\"wpforms-field wpforms-field-text\" data-field-id=\"7\"><label class=\"wpforms-field-label\" for=\"wpforms-845-field_7\">Ort<\/label><input type=\"text\" id=\"wpforms-845-field_7\" class=\"wpforms-field-large\" name=\"wpforms[fields][7]\" aria-errormessage=\"wpforms-845-field_7-error\" ><\/div><div id=\"wpforms-845-field_3-container\" class=\"wpforms-field wpforms-field-textarea\" data-field-id=\"3\"><label class=\"wpforms-field-label\" for=\"wpforms-845-field_3\">Anfrage <span class=\"wpforms-required-label\" aria-hidden=\"true\">*<\/span><\/label><textarea id=\"wpforms-845-field_3\" class=\"wpforms-field-medium wpforms-field-required\" name=\"wpforms[fields][3]\" aria-errormessage=\"wpforms-845-field_3-error\" required><\/textarea><\/div><div id=\"wpforms-845-field_9-container\" class=\"wpforms-field wpforms-field-checkbox\" data-field-id=\"9\"><fieldset><legend class=\"wpforms-field-label\">Einverst\u00e4ndnis <span class=\"wpforms-required-label\" aria-hidden=\"true\">*<\/span><\/legend><ul id=\"wpforms-845-field_9\" class=\"wpforms-field-required\"><li class=\"choice-1 depth-1\"><input type=\"checkbox\" id=\"wpforms-845-field_9_1\" name=\"wpforms[fields][9][]\" value=\"Ich bin einverstanden, dass meine Mail, soweit erforderlich, auch an andere oberste Bundesbeh\u00f6rden oder Beh\u00f6rden im Gesch\u00e4ftsbereich des BMWE zur Beantwortung meiner Anfrage weitergeleitet werden kann. Die Weitergabe erfolgt unter voller Ber\u00fccksichtigung des Datenschutzes.\" aria-errormessage=\"wpforms-845-field_9_1-error\" required ><label class=\"wpforms-field-label-inline\" for=\"wpforms-845-field_9_1\">Ich bin einverstanden, dass meine Mail, soweit erforderlich, auch an andere oberste Bundesbeh\u00f6rden oder Beh\u00f6rden im Gesch\u00e4ftsbereich des BMWE zur Beantwortung meiner Anfrage weitergeleitet werden kann. Die Weitergabe erfolgt unter voller Ber\u00fccksichtigung des Datenschutzes.<\/label><\/li><\/ul><\/fieldset><\/div><script>\n\t\t\t\t( function() {\n\t\t\t\t\tconst style = document.createElement( 'style' );\n\t\t\t\t\tstyle.appendChild( document.createTextNode( '#wpforms-845-field_6-container { position: absolute !important; overflow: hidden !important; display: inline !important; height: 1px !important; width: 1px !important; z-index: -1000 !important; padding: 0 !important; } #wpforms-845-field_6-container input { visibility: hidden; } #wpforms-conversational-form-page #wpforms-845-field_6-container label { counter-increment: none; }' ) );\n\t\t\t\t\tdocument.head.appendChild( style );\n\t\t\t\t\tdocument.currentScript?.remove();\n\t\t\t\t} )();\n\t\t\t<\/script><\/div><!-- .wpforms-field-container --><div class=\"wpforms-recaptcha-container wpforms-is-recaptcha wpforms-is-recaptcha-type-invisible\" ><div class=\"g-recaptcha\" data-sitekey=\"6LclauMqAAAAAKH-LLCDdWHaibeCySA9MUVBXdN8\" data-size=\"invisible\"><\/div><\/div><div class=\"wpforms-submit-container\" ><input type=\"hidden\" name=\"wpforms[id]\" value=\"845\"><input type=\"hidden\" name=\"page_title\" value=\"\"><input type=\"hidden\" name=\"page_url\" value=\"https:\/\/exist.de\/en\/wp-json\/wp\/v2\/pages\/57\"><input type=\"hidden\" name=\"url_referer\" value=\"\"><button type=\"submit\" name=\"wpforms[submit]\" id=\"wpforms-submit-845\" class=\"wpforms-submit\" data-alt-text=\"Wird gesendet\u00a0\u2026\" data-submit-text=\"Senden\" aria-live=\"assertive\" value=\"wpforms-submit\">Senden<\/button><img loading=\"lazy\" decoding=\"async\" src=\"https:\/\/exist.de\/wp-content\/plugins\/wpforms-lite\/assets\/images\/submit-spin.svg\" class=\"wpforms-submit-spinner\" style=\"display: none;\" width=\"26\" height=\"26\" alt=\"Loading\"><\/div><\/form><\/div>  <!-- .wpforms-container --><\/div>\n\n\n\n<div style=\"height:4rem;width:0px\" aria-hidden=\"true\" class=\"wp-block-spacer\"><\/div>\n\n\n\n<div class=\"wp-block-group alignfull is-layout-constrained wp-container-core-group-is-layout-0ca39a12 wp-block-group-is-layout-constrained\" id=\"newsletter\">\n<div class=\"wp-block-group has-palette-color-7-background-color has-background is-vertical is-layout-flex wp-container-core-group-is-layout-6e761456 wp-block-group-is-layout-flex\" style=\"border-top-left-radius:0.25rem;border-top-right-radius:0.25rem;border-bottom-left-radius:0.25rem;border-bottom-right-radius:0.25rem;padding-top:var(--wp--preset--spacing--70);padding-right:var(--wp--preset--spacing--70);padding-bottom:var(--wp--preset--spacing--70);padding-left:var(--wp--preset--spacing--70)\">\n<div class=\"wp-block-group is-vertical is-layout-flex wp-container-core-group-is-layout-65f67d3f wp-block-group-is-layout-flex\">\n<h2 class=\"wp-block-heading\">exist Update<\/h2>\n\n\n\n<p>Aktuelle Informationen, Programme und Termine aus dem exist-Kosmos \u2013 kompakt und direkt in Ihrem Postfach.<\/p>\n<\/div>\n\n\n\n<div class=\"wp-block-buttons rm-open-popup is-layout-flex wp-block-buttons-is-layout-flex\">\n<div class=\"wp-block-button rm-open-popup\"><a class=\"wp-block-button__link wp-element-button\">Newsletter abonnieren<\/a><\/div>\n<\/div>\n<\/div>\n<\/div>\n","protected":false},"excerpt":{"rendered":"<p>Here you can send a message to the Federal Ministry of Economics and Climate Protection, also to assert a claim for access to information within the meaning of the Act on the Regulation of Access to Federal Information (IFG).<\/p>","protected":false},"author":1,"featured_media":0,"parent":0,"menu_order":80,"comment_status":"closed","ping_status":"closed","template":"","meta":{"_acf_changed":false,"_seopress_robots_primary_cat":"","_seopress_titles_title":"","_seopress_titles_desc":"Hier k\u00f6nnen Sie eine Nachricht an das Bundesministerium f\u00fcr Wirtschaft und Klimaschutz senden, auch um einen Anspruch auf Informationszugang im Sinne des Gesetzes zur Regelung des Zugangs zu Informationen des Bundes (IFG) geltend zu machen.","_seopress_robots_index":"","footnotes":""},"class_list":["post-57","page","type-page","status-publish","hentry"],"blocksy_meta":[],"acf":[],"_links":{"self":[{"href":"https:\/\/exist.de\/en\/wp-json\/wp\/v2\/pages\/57","targetHints":{"allow":["GET"]}}],"collection":[{"href":"https:\/\/exist.de\/en\/wp-json\/wp\/v2\/pages"}],"about":[{"href":"https:\/\/exist.de\/en\/wp-json\/wp\/v2\/types\/page"}],"author":[{"embeddable":true,"href":"https:\/\/exist.de\/en\/wp-json\/wp\/v2\/users\/1"}],"replies":[{"embeddable":true,"href":"https:\/\/exist.de\/en\/wp-json\/wp\/v2\/comments?post=57"}],"version-history":[{"count":20,"href":"https:\/\/exist.de\/en\/wp-json\/wp\/v2\/pages\/57\/revisions"}],"predecessor-version":[{"id":2278,"href":"https:\/\/exist.de\/en\/wp-json\/wp\/v2\/pages\/57\/revisions\/2278"}],"wp:attachment":[{"href":"https:\/\/exist.de\/en\/wp-json\/wp\/v2\/media?parent=57"}],"curies":[{"name":"wp","href":"https:\/\/api.w.org\/{rel}","templated":true}]}}